{"id":3843,"date":"2023-12-11T21:23:25","date_gmt":"2023-12-11T21:23:25","guid":{"rendered":"https:\/\/ecs-gn.com\/sonoco\/?page_id=3843"},"modified":"2023-12-11T21:31:20","modified_gmt":"2023-12-11T21:31:20","slug":"sonoco-waqf","status":"publish","type":"page","link":"https:\/\/ecs-gn.com\/sonoco\/sonoco-waqf\/","title":{"rendered":"SONOCO WAQf"},"content":{"rendered":"\t\t<div data-elementor-type=\"wp-post\" data-elementor-id=\"3843\" class=\"elementor elementor-3843\" data-elementor-post-type=\"page\">\n\t\t\t\t<div class=\"elementor-element elementor-element-971cbae e-flex e-con-boxed e-con e-parent\" data-id=\"971cbae\" data-element_type=\"container\" data-e-type=\"container\">\n\t\t\t\t\t<div class=\"e-con-inner\">\n\t\t\t\t<div class=\"elementor-element elementor-element-967f903 elementor-invisible elementor-widget elementor-widget-image\" data-id=\"967f903\" data-element_type=\"widget\" data-e-type=\"widget\" data-settings=\"{&quot;_animation&quot;:&quot;fadeInUp&quot;}\" data-widget_type=\"image.default\">\n\t\t\t\t<div class=\"elementor-widget-container\">\n\t\t\t\t\t\t\t\t\t\t\t\t\t\t\t<img fetchpriority=\"high\" decoding=\"async\" width=\"300\" height=\"177\" src=\"https:\/\/ecs-gn.com\/sonoco\/wp-content\/uploads\/2023\/09\/Logo-Sonoco-Waqf-300x177.png\" class=\"attachment-medium size-medium wp-image-2493\" alt=\"\" srcset=\"https:\/\/ecs-gn.com\/sonoco\/wp-content\/uploads\/2023\/09\/Logo-Sonoco-Waqf-300x177.png 300w, https:\/\/ecs-gn.com\/sonoco\/wp-content\/uploads\/2023\/09\/Logo-Sonoco-Waqf-768x454.png 768w, https:\/\/ecs-gn.com\/sonoco\/wp-content\/uploads\/2023\/09\/Logo-Sonoco-Waqf.png 784w\" sizes=\"(max-width: 300px) 100vw, 300px\" \/>\t\t\t\t\t\t\t\t\t\t\t\t\t\t\t<\/div>\n\t\t\t\t<\/div>\n\t\t\t\t\t<\/div>\n\t\t\t\t<\/div>\n\t\t<div class=\"elementor-element elementor-element-fe0d0f0 e-flex e-con-boxed e-con e-parent\" data-id=\"fe0d0f0\" data-element_type=\"container\" data-e-type=\"container\">\n\t\t\t\t\t<div class=\"e-con-inner\">\n\t\t<div class=\"elementor-element elementor-element-429e7b7 e-flex e-con-boxed e-con e-child\" data-id=\"429e7b7\" data-element_type=\"container\" data-e-type=\"container\">\n\t\t\t\t\t<div class=\"e-con-inner\">\n\t\t<div class=\"elementor-element elementor-element-c862f0e e-con-full e-flex e-con e-child\" data-id=\"c862f0e\" data-element_type=\"container\" data-e-type=\"container\">\n\t\t\t\t<div class=\"elementor-element elementor-element-f523aef elementor-widget elementor-widget-text-editor\" data-id=\"f523aef\" data-element_type=\"widget\" data-e-type=\"widget\" data-widget_type=\"text-editor.default\">\n\t\t\t\t<div class=\"elementor-widget-container\">\n\t\t\t\t\t\t\t\t\t<p>WAQf signifie en arabe fondation. &#8220;WAQF est la fondation du groupe SONOCO, incarnant ainsi l&#8217;engagement du groupe envers la responsabilit\u00e9 sociale d&#8217;entreprise et son d\u00e9sir de faire une diff\u00e9rence positive dans les communaut\u00e9s. En s&#8217;effor\u00e7ant de transformer les opportunit\u00e9s en actions humanitaires, WAQF a pour mission de cr\u00e9er un impact significatif dans les domaines de l&#8217;humanitaire, de la philanthropie et du d\u00e9veloppement communautaire.<\/p>\t\t\t\t\t\t\t\t<\/div>\n\t\t\t\t<\/div>\n\t\t\t\t<\/div>\n\t\t<div class=\"elementor-element elementor-element-3a6fea0 e-con-full e-flex e-con e-child\" data-id=\"3a6fea0\" data-element_type=\"container\" data-e-type=\"container\">\n\t\t\t\t<div class=\"elementor-element elementor-element-bf16c2e elementor-widget elementor-widget-image\" data-id=\"bf16c2e\" data-element_type=\"widget\" data-e-type=\"widget\" data-widget_type=\"image.default\">\n\t\t\t\t<div class=\"elementor-widget-container\">\n\t\t\t\t\t\t\t\t\t\t\t\t\t\t\t<img decoding=\"async\" width=\"640\" height=\"480\" src=\"https:\/\/ecs-gn.com\/sonoco\/wp-content\/uploads\/2023\/12\/Image-texte-Waqf-.jpg\" class=\"attachment-large size-large wp-image-3845\" alt=\"\" srcset=\"https:\/\/ecs-gn.com\/sonoco\/wp-content\/uploads\/2023\/12\/Image-texte-Waqf-.jpg 1024w, https:\/\/ecs-gn.com\/sonoco\/wp-content\/uploads\/2023\/12\/Image-texte-Waqf--300x225.jpg 300w, https:\/\/ecs-gn.com\/sonoco\/wp-content\/uploads\/2023\/12\/Image-texte-Waqf--768x576.jpg 768w, https:\/\/ecs-gn.com\/sonoco\/wp-content\/uploads\/2023\/12\/Image-texte-Waqf--644x483.jpg 644w\" sizes=\"(max-width: 640px) 100vw, 640px\" \/>\t\t\t\t\t\t\t\t\t\t\t\t\t\t\t<\/div>\n\t\t\t\t<\/div>\n\t\t\t\t<\/div>\n\t\t\t\t\t<\/div>\n\t\t\t\t<\/div>\n\t\t\t\t\t<\/div>\n\t\t\t\t<\/div>\n\t\t\t\t<\/div>\n\t\t","protected":false},"excerpt":{"rendered":"<p>WAQf signifie en arabe fondation. &#8220;WAQF est la fondation du groupe SONOCO, incarnant ainsi l&#8217;engagement du groupe envers la responsabilit\u00e9 sociale d&#8217;entreprise et son d\u00e9sir de faire une diff\u00e9rence positive dans les communaut\u00e9s. En s&#8217;effor\u00e7ant de transformer les opportunit\u00e9s en actions humanitaires, WAQF a pour mission de cr\u00e9er un impact significatif dans les domaines de [&hellip;]<\/p>\n","protected":false},"author":1,"featured_media":0,"parent":0,"menu_order":0,"comment_status":"closed","ping_status":"closed","template":"","meta":{"footnotes":""},"class_list":["post-3843","page","type-page","status-publish","hentry"],"_links":{"self":[{"href":"https:\/\/ecs-gn.com\/sonoco\/wp-json\/wp\/v2\/pages\/3843","targetHints":{"allow":["GET"]}}],"collection":[{"href":"https:\/\/ecs-gn.com\/sonoco\/wp-json\/wp\/v2\/pages"}],"about":[{"href":"https:\/\/ecs-gn.com\/sonoco\/wp-json\/wp\/v2\/types\/page"}],"author":[{"embeddable":true,"href":"https:\/\/ecs-gn.com\/sonoco\/wp-json\/wp\/v2\/users\/1"}],"replies":[{"embeddable":true,"href":"https:\/\/ecs-gn.com\/sonoco\/wp-json\/wp\/v2\/comments?post=3843"}],"version-history":[{"count":4,"href":"https:\/\/ecs-gn.com\/sonoco\/wp-json\/wp\/v2\/pages\/3843\/revisions"}],"predecessor-version":[{"id":3848,"href":"https:\/\/ecs-gn.com\/sonoco\/wp-json\/wp\/v2\/pages\/3843\/revisions\/3848"}],"wp:attachment":[{"href":"https:\/\/ecs-gn.com\/sonoco\/wp-json\/wp\/v2\/media?parent=3843"}],"curies":[{"name":"wp","href":"https:\/\/api.w.org\/{rel}","templated":true}]}}