{"id":3728,"date":"2023-12-03T15:01:54","date_gmt":"2023-12-03T15:01:54","guid":{"rendered":"https:\/\/ecs-gn.com\/sonoco\/?page_id=3728"},"modified":"2023-12-05T13:52:52","modified_gmt":"2023-12-05T13:52:52","slug":"actualites_","status":"publish","type":"page","link":"https:\/\/ecs-gn.com\/sonoco\/actualites_\/","title":{"rendered":"Actualit\u00e9s"},"content":{"rendered":"\t\t<div data-elementor-type=\"wp-post\" data-elementor-id=\"3728\" class=\"elementor elementor-3728\" data-elementor-post-type=\"page\">\n\t\t\t\t<div class=\"elementor-element elementor-element-d25bd5b e-flex e-con-boxed e-con e-parent\" data-id=\"d25bd5b\" data-element_type=\"container\" data-e-type=\"container\">\n\t\t\t\t\t<div class=\"e-con-inner\">\n\t\t<div class=\"elementor-element elementor-element-c1a0e24 e-con-full e-flex e-con e-child\" data-id=\"c1a0e24\" data-element_type=\"container\" data-e-type=\"container\">\n\t\t\t\t<div class=\"elementor-element elementor-element-a52a1ab premium-blog-align-left elementor-widget elementor-widget-premium-addon-blog\" data-id=\"a52a1ab\" data-element_type=\"widget\" data-e-type=\"widget\" data-settings=\"{&quot;premium_blog_columns_number&quot;:&quot;100%&quot;,&quot;premium_blog_grid&quot;:&quot;yes&quot;,&quot;premium_blog_layout&quot;:&quot;even&quot;,&quot;premium_blog_columns_number_tablet&quot;:&quot;50%&quot;,&quot;premium_blog_columns_number_mobile&quot;:&quot;100%&quot;,&quot;scroll_to_offset&quot;:&quot;yes&quot;}\" data-widget_type=\"premium-addon-blog.default\">\n\t\t\t\t<div class=\"elementor-widget-container\">\n\t\t\t\t\t\n\t\t\n\n\t\t\t\t<div class=\"premium-blog-wrap  premium-blog-even\" data-page=\"3728\">\n\t\t\t\t\t\t\t\t\t<div class=\"premium-blog-post-outer-container\" data-total=\"1\">\n\t\t\t<div class=\"premium-blog-post-container premium-blog-skin-classic\">\n\t\t\t\t\t\t\t\t\t<div class=\"premium-blog-thumb-effect-wrapper\">\n\t\t\t\t\t\t<div class=\"premium-blog-thumbnail-container premium-blog-zoomin-effect\">\n\t\t\t\t\t\t\t<img fetchpriority=\"high\" decoding=\"async\" width=\"1263\" height=\"657\" src=\"https:\/\/ecs-gn.com\/sonoco\/wp-content\/uploads\/2023\/11\/act3.jpg\" class=\"attachment-full size-full wp-image-3488\" alt=\"\" srcset=\"https:\/\/ecs-gn.com\/sonoco\/wp-content\/uploads\/2023\/11\/act3.jpg 1263w, https:\/\/ecs-gn.com\/sonoco\/wp-content\/uploads\/2023\/11\/act3-300x156.jpg 300w, https:\/\/ecs-gn.com\/sonoco\/wp-content\/uploads\/2023\/11\/act3-1024x533.jpg 1024w, https:\/\/ecs-gn.com\/sonoco\/wp-content\/uploads\/2023\/11\/act3-768x400.jpg 768w, https:\/\/ecs-gn.com\/sonoco\/wp-content\/uploads\/2023\/11\/act3-870x453.jpg 870w\" sizes=\"(max-width: 1263px) 100vw, 1263px\" \/>\t\t\t\t\t\t<\/div>\n\t\t\t\t\t\t\t\t\t\t\t\t\t<div class=\"premium-blog-thumbnail-overlay\">\n\t\t\t\t\t\t\t\t<a class=\"elementor-icon\" href=\"https:\/\/ecs-gn.com\/sonoco\/2023\/11\/22\/visite-de-m-solomon-attache-de-presse-de-son-excellence-a-bread-avenue\/\" target=\"_blank\"><\/a>\n\t\t\t\t\t\t\t<\/div>\n\n\t\t\t\t\t\t\t\t\t\t\t\t\t\t\t\t\t\t<\/div>\n\t\t\t\t\t\t\t\t\t\t\t\t<div class=\"premium-blog-content-wrapper \">\n\n\t\t\t\t\t<div class=\"premium-blog-inner-container\">\n\n\t\t\t\t\t\t\t\t\t\t\t\t\t\t<h2 class=\"premium-blog-entry-title\">\n\t\t\t<a href=\"https:\/\/ecs-gn.com\/sonoco\/2023\/11\/22\/visite-de-m-solomon-attache-de-presse-de-son-excellence-a-bread-avenue\/\" target=\"_blank\">\n\t\t\t\t\u00ab Visite de M. Solomon, Attach\u00e9 de Presse de Son Excellence, \u00e0 Bread Avenue \u00bb\t\t\t<\/a>\n\t\t<\/h2>\n\t\t\t\t<div class=\"premium-blog-entry-meta\">\n\t\t\t\n\t\t\t\t\t\t\t<span class=\"premium-blog-meta-separator\">\u2022<\/span>\n\t\t\t\t<div class=\"premium-blog-post-time premium-blog-meta-data\">\n\t\t\t\t\t<i class=\"fa fa-calendar-alt\" aria-hidden=\"true\"><\/i>\n\t\t\t\t\t<span>novembre 22, 2023<\/span>\n\t\t\t\t<\/div>\n\t\t\t\n\t\t\t\t\t\t\t<span class=\"premium-blog-meta-separator\">\u2022<\/span>\n\t\t\t\t<div class=\"premium-blog-post-categories premium-blog-meta-data\">\n\t\t\t\t\t<i class=\"fa fa-align-left fa-fw\" aria-hidden=\"true\"><\/i>\n\t\t\t\t\t<a href=\"https:\/\/ecs-gn.com\/sonoco\/category\/news\/\" rel=\"category tag\">News<\/a>\t\t\t\t<\/div>\n\t\t\t\n\t\t\t\t\t<\/div>\n\t\t\n\t\t\t\t\t<\/div>\n\n\t\t\t\t\t\t\t<div class=\"premium-blog-content-inner-wrapper\">\n\t\t<p class=\"premium-blog-post-content\">Une visite de marque a eu lieu le 30 novembre 2023 \u00e0 Bread Avenue, notre boulan\ufffegerie moderne et centre de formation renomm\u00e9 \u2026<\/p>\t\t<\/div>\n\t\t\t\t\t\t\t\n\t\t\t\t<\/div>\n\t\t\t<\/div>\n\t\t<\/div>\n\n\t\t\t\t<div class=\"premium-blog-post-outer-container\" data-total=\"1\">\n\t\t\t<div class=\"premium-blog-post-container premium-blog-skin-classic\">\n\t\t\t\t\t\t\t\t\t<div class=\"premium-blog-thumb-effect-wrapper\">\n\t\t\t\t\t\t<div class=\"premium-blog-thumbnail-container premium-blog-zoomin-effect\">\n\t\t\t\t\t\t\t<img decoding=\"async\" width=\"2560\" height=\"1707\" src=\"https:\/\/ecs-gn.com\/sonoco\/wp-content\/uploads\/2023\/11\/Image-new-2-scaled.jpg\" class=\"attachment-full size-full wp-image-3783\" alt=\"\" srcset=\"https:\/\/ecs-gn.com\/sonoco\/wp-content\/uploads\/2023\/11\/Image-new-2-scaled.jpg 2560w, https:\/\/ecs-gn.com\/sonoco\/wp-content\/uploads\/2023\/11\/Image-new-2-300x200.jpg 300w, https:\/\/ecs-gn.com\/sonoco\/wp-content\/uploads\/2023\/11\/Image-new-2-1024x683.jpg 1024w, https:\/\/ecs-gn.com\/sonoco\/wp-content\/uploads\/2023\/11\/Image-new-2-768x512.jpg 768w, https:\/\/ecs-gn.com\/sonoco\/wp-content\/uploads\/2023\/11\/Image-new-2-1536x1024.jpg 1536w\" sizes=\"(max-width: 2560px) 100vw, 2560px\" \/>\t\t\t\t\t\t<\/div>\n\t\t\t\t\t\t\t\t\t\t\t\t\t<div class=\"premium-blog-thumbnail-overlay\">\n\t\t\t\t\t\t\t\t<a class=\"elementor-icon\" href=\"https:\/\/ecs-gn.com\/sonoco\/2023\/11\/22\/formation-de-17-nouveaux-collaborateurs-a-lusine-de-bouillonsdagro-food-industrie\/\" target=\"_blank\"><\/a>\n\t\t\t\t\t\t\t<\/div>\n\n\t\t\t\t\t\t\t\t\t\t\t\t\t\t\t\t\t\t<\/div>\n\t\t\t\t\t\t\t\t\t\t\t\t<div class=\"premium-blog-content-wrapper \">\n\n\t\t\t\t\t<div class=\"premium-blog-inner-container\">\n\n\t\t\t\t\t\t\t\t\t\t\t\t\t\t<h2 class=\"premium-blog-entry-title\">\n\t\t\t<a href=\"https:\/\/ecs-gn.com\/sonoco\/2023\/11\/22\/formation-de-17-nouveaux-collaborateurs-a-lusine-de-bouillonsdagro-food-industrie\/\" target=\"_blank\">\n\t\t\t\t\u00ab Programme de D\u00e9veloppement des Meuniers :\u00a0LMA assure la rel\u00e8ve ! \u00bb\t\t\t<\/a>\n\t\t<\/h2>\n\t\t\t\t<div class=\"premium-blog-entry-meta\">\n\t\t\t\n\t\t\t\t\t\t\t<span class=\"premium-blog-meta-separator\">\u2022<\/span>\n\t\t\t\t<div class=\"premium-blog-post-time premium-blog-meta-data\">\n\t\t\t\t\t<i class=\"fa fa-calendar-alt\" aria-hidden=\"true\"><\/i>\n\t\t\t\t\t<span>novembre 22, 2023<\/span>\n\t\t\t\t<\/div>\n\t\t\t\n\t\t\t\t\t\t\t<span class=\"premium-blog-meta-separator\">\u2022<\/span>\n\t\t\t\t<div class=\"premium-blog-post-categories premium-blog-meta-data\">\n\t\t\t\t\t<i class=\"fa fa-align-left fa-fw\" aria-hidden=\"true\"><\/i>\n\t\t\t\t\t<a href=\"https:\/\/ecs-gn.com\/sonoco\/category\/news\/\" rel=\"category tag\">News<\/a>\t\t\t\t<\/div>\n\t\t\t\n\t\t\t\t\t<\/div>\n\t\t\n\t\t\t\t\t<\/div>\n\n\t\t\t\t\t\t\t<div class=\"premium-blog-content-inner-wrapper\">\n\t\t<p class=\"premium-blog-post-content\">Dans le cadre de son Programme de D\u00e9veloppement, LMA a r\u00e9ussi \u00e0 former avec succ\u00e8s 21 jeunes Guin\u00e9ens aux m\u00e9tiers de la \u2026<\/p>\t\t<\/div>\n\t\t\t\t\t\t\t\n\t\t\t\t<\/div>\n\t\t\t<\/div>\n\t\t<\/div>\n\n\t\t\t\t<div class=\"premium-blog-post-outer-container\" data-total=\"1\">\n\t\t\t<div class=\"premium-blog-post-container premium-blog-skin-classic\">\n\t\t\t\t\t\t\t\t\t<div class=\"premium-blog-thumb-effect-wrapper\">\n\t\t\t\t\t\t<div class=\"premium-blog-thumbnail-container premium-blog-zoomin-effect\">\n\t\t\t\t\t\t\t<img decoding=\"async\" width=\"913\" height=\"445\" src=\"https:\/\/ecs-gn.com\/sonoco\/wp-content\/uploads\/2019\/03\/act1.jpg\" class=\"attachment-full size-full wp-image-3451\" alt=\"\" srcset=\"https:\/\/ecs-gn.com\/sonoco\/wp-content\/uploads\/2019\/03\/act1.jpg 913w, https:\/\/ecs-gn.com\/sonoco\/wp-content\/uploads\/2019\/03\/act1-300x146.jpg 300w, https:\/\/ecs-gn.com\/sonoco\/wp-content\/uploads\/2019\/03\/act1-768x374.jpg 768w, https:\/\/ecs-gn.com\/sonoco\/wp-content\/uploads\/2019\/03\/act1-870x424.jpg 870w\" sizes=\"(max-width: 913px) 100vw, 913px\" \/>\t\t\t\t\t\t<\/div>\n\t\t\t\t\t\t\t\t\t\t\t\t\t<div class=\"premium-blog-thumbnail-overlay\">\n\t\t\t\t\t\t\t\t<a class=\"elementor-icon\" href=\"https:\/\/ecs-gn.com\/sonoco\/2019\/03\/14\/hello-world-2\/\" target=\"_blank\"><\/a>\n\t\t\t\t\t\t\t<\/div>\n\n\t\t\t\t\t\t\t\t\t\t\t\t\t\t\t\t\t\t<\/div>\n\t\t\t\t\t\t\t\t\t\t\t\t<div class=\"premium-blog-content-wrapper \">\n\n\t\t\t\t\t<div class=\"premium-blog-inner-container\">\n\n\t\t\t\t\t\t\t\t\t\t\t\t\t\t<h2 class=\"premium-blog-entry-title\">\n\t\t\t<a href=\"https:\/\/ecs-gn.com\/sonoco\/2019\/03\/14\/hello-world-2\/\" target=\"_blank\">\n\t\t\t\t\u00ab SONOCO SOUTIENT LE LANCEMENT DE LA SAISON TOURISTIQUE \u00c0 KINDIA AVEC LES BOISSONS SALAM \u00bb\t\t\t<\/a>\n\t\t<\/h2>\n\t\t\t\t<div class=\"premium-blog-entry-meta\">\n\t\t\t\n\t\t\t\t\t\t\t<span class=\"premium-blog-meta-separator\">\u2022<\/span>\n\t\t\t\t<div class=\"premium-blog-post-time premium-blog-meta-data\">\n\t\t\t\t\t<i class=\"fa fa-calendar-alt\" aria-hidden=\"true\"><\/i>\n\t\t\t\t\t<span>mars 14, 2019<\/span>\n\t\t\t\t<\/div>\n\t\t\t\n\t\t\t\t\t\t\t<span class=\"premium-blog-meta-separator\">\u2022<\/span>\n\t\t\t\t<div class=\"premium-blog-post-categories premium-blog-meta-data\">\n\t\t\t\t\t<i class=\"fa fa-align-left fa-fw\" aria-hidden=\"true\"><\/i>\n\t\t\t\t\t<a href=\"https:\/\/ecs-gn.com\/sonoco\/category\/news\/\" rel=\"category tag\">News<\/a>\t\t\t\t<\/div>\n\t\t\t\n\t\t\t\t\t<\/div>\n\t\t\n\t\t\t\t\t<\/div>\n\n\t\t\t\t\t\t\t<div class=\"premium-blog-content-inner-wrapper\">\n\t\t<p class=\"premium-blog-post-content\">Du 27 au 29 octobre 2023, le groupe Sonoco a apport\u00e9 son soutien \u00e0 l\u2019Office National du Tourisme (ONT) pour le lancement \u2026<\/p>\t\t<\/div>\n\t\t\t\t\t\t\t\n\t\t\t\t<\/div>\n\t\t\t<\/div>\n\t\t<\/div>\n\n\t\t\t\t\t\t\t<\/div>\n\n\t\t\n\t\t\n\t\t\t\t\t\t<\/div>\n\t\t\t\t<\/div>\n\t\t\t\t<\/div>\n\t\t\t\t<div class=\"elementor-element elementor-element-68341ab elementor-widget elementor-widget-sidebar\" data-id=\"68341ab\" data-element_type=\"widget\" data-e-type=\"widget\" data-widget_type=\"sidebar.default\">\n\t\t\t\t<div class=\"elementor-widget-container\">\n\t\t\t\t\t<div id=\"search-1\" class=\"sidebar-widget widget_search\"><div class=\"sidebar-widget search-box\">\r\n    <form role=\"search\" method=\"get\" class=\"search-form\" action=\"https:\/\/ecs-gn.com\/sonoco\/\">\r\n        <div class=\"form-group\">\r\n            <input type=\"search\" id=\"search-form-69ef33b4a98d5\" class=\"search-field\"\r\n                   placeholder=\"Search Blog...\" value=\"\" name=\"s\" required=\"required\"\/>\r\n            <button type=\"submit\" class=\"search-btn\"><span class=\"fa fa-search\"><\/span><\/button>\r\n        <\/div>\r\n    <\/form>\r\n<\/div><\/div><div id=\"widget_latest_posts_tab_1-1\" class=\"sidebar-widget widget_widget_latest_posts_tab_1\">        <div class=\"sidebar-widget popular-posts\">\r\n            <div class=\"sidebar-title\"><h5>Post R\u00e9cent<\/h5><\/div>\r\n            <div class=\"widget-content\">\r\n                                        <article class=\"post\">\r\n                            <div class=\"post-inner\">\r\n                                <figure class=\"post-thumb\"><a href=\"https:\/\/ecs-gn.com\/sonoco\/2023\/11\/22\/visite-de-m-solomon-attache-de-presse-de-son-excellence-a-bread-avenue\/\"><img loading=\"lazy\" decoding=\"async\" width=\"75\" height=\"70\" src=\"https:\/\/ecs-gn.com\/sonoco\/wp-content\/uploads\/2023\/11\/act3-75x70.jpg\" class=\"attachment-solustrid-blog-sidebar size-solustrid-blog-sidebar wp-post-image\" alt=\"\" srcset=\"https:\/\/ecs-gn.com\/sonoco\/wp-content\/uploads\/2023\/11\/act3-75x70.jpg 75w, https:\/\/ecs-gn.com\/sonoco\/wp-content\/uploads\/2023\/11\/act3-370x350.jpg 370w\" sizes=\"(max-width: 75px) 100vw, 75px\" \/><\/a><\/figure>\r\n                                <div class=\"text\"><a href=\"https:\/\/ecs-gn.com\/sonoco\/2023\/11\/22\/visite-de-m-solomon-attache-de-presse-de-son-excellence-a-bread-avenue\/\">\u00ab Visite de M. Solomon, Attach\u00e9 de Presse de Son Excellence, \u00e0 Bread Avenue \u00bb<\/a><\/div>\r\n                                <div class=\"post-info\">novembre 22, 2023<\/div>\r\n                            <\/div>\r\n                        <\/article>\r\n                                                <article class=\"post\">\r\n                            <div class=\"post-inner\">\r\n                                <figure class=\"post-thumb\"><a href=\"https:\/\/ecs-gn.com\/sonoco\/2023\/11\/22\/formation-de-17-nouveaux-collaborateurs-a-lusine-de-bouillonsdagro-food-industrie\/\"><img loading=\"lazy\" decoding=\"async\" width=\"75\" height=\"50\" src=\"https:\/\/ecs-gn.com\/sonoco\/wp-content\/uploads\/2023\/11\/Image-new-2-scaled.jpg\" class=\"attachment-solustrid-blog-sidebar size-solustrid-blog-sidebar wp-post-image\" alt=\"\" srcset=\"https:\/\/ecs-gn.com\/sonoco\/wp-content\/uploads\/2023\/11\/Image-new-2-scaled.jpg 2560w, https:\/\/ecs-gn.com\/sonoco\/wp-content\/uploads\/2023\/11\/Image-new-2-300x200.jpg 300w, https:\/\/ecs-gn.com\/sonoco\/wp-content\/uploads\/2023\/11\/Image-new-2-1024x683.jpg 1024w, https:\/\/ecs-gn.com\/sonoco\/wp-content\/uploads\/2023\/11\/Image-new-2-768x512.jpg 768w, https:\/\/ecs-gn.com\/sonoco\/wp-content\/uploads\/2023\/11\/Image-new-2-1536x1024.jpg 1536w\" sizes=\"(max-width: 75px) 100vw, 75px\" \/><\/a><\/figure>\r\n                                <div class=\"text\"><a href=\"https:\/\/ecs-gn.com\/sonoco\/2023\/11\/22\/formation-de-17-nouveaux-collaborateurs-a-lusine-de-bouillonsdagro-food-industrie\/\">\u00ab Programme de D\u00e9veloppement des Meuniers :\u00a0LMA assure la rel\u00e8ve ! \u00bb<\/a><\/div>\r\n                                <div class=\"post-info\">novembre 22, 2023<\/div>\r\n                            <\/div>\r\n                        <\/article>\r\n                                                <article class=\"post\">\r\n                            <div class=\"post-inner\">\r\n                                <figure class=\"post-thumb\"><a href=\"https:\/\/ecs-gn.com\/sonoco\/2023\/11\/21\/flash-com-17\/\"><img loading=\"lazy\" decoding=\"async\" width=\"75\" height=\"70\" src=\"https:\/\/ecs-gn.com\/sonoco\/wp-content\/uploads\/2019\/03\/flash-com-75x70.jpg\" class=\"attachment-solustrid-blog-sidebar size-solustrid-blog-sidebar wp-post-image\" alt=\"\" srcset=\"https:\/\/ecs-gn.com\/sonoco\/wp-content\/uploads\/2019\/03\/flash-com-75x70.jpg 75w, https:\/\/ecs-gn.com\/sonoco\/wp-content\/uploads\/2019\/03\/flash-com-370x350.jpg 370w\" sizes=\"(max-width: 75px) 100vw, 75px\" \/><\/a><\/figure>\r\n                                <div class=\"text\"><a href=\"https:\/\/ecs-gn.com\/sonoco\/2023\/11\/21\/flash-com-17\/\">FLASH COM 17<\/a><\/div>\r\n                                <div class=\"post-info\">novembre 21, 2023<\/div>\r\n                            <\/div>\r\n                        <\/article>\r\n                                                <article class=\"post\">\r\n                            <div class=\"post-inner\">\r\n                                <figure class=\"post-thumb\"><a href=\"https:\/\/ecs-gn.com\/sonoco\/2023\/10\/25\/un-01-directeur-technique\/\"><img loading=\"lazy\" decoding=\"async\" width=\"75\" height=\"70\" src=\"https:\/\/ecs-gn.com\/sonoco\/wp-content\/uploads\/2023\/10\/mur-75x70.jpg\" class=\"attachment-solustrid-blog-sidebar size-solustrid-blog-sidebar wp-post-image\" alt=\"\" srcset=\"https:\/\/ecs-gn.com\/sonoco\/wp-content\/uploads\/2023\/10\/mur-75x70.jpg 75w, https:\/\/ecs-gn.com\/sonoco\/wp-content\/uploads\/2023\/10\/mur-370x350.jpg 370w\" sizes=\"(max-width: 75px) 100vw, 75px\" \/><\/a><\/figure>\r\n                                <div class=\"text\"><a href=\"https:\/\/ecs-gn.com\/sonoco\/2023\/10\/25\/un-01-directeur-technique\/\">UN (01) DIRECTEUR TECHNIQUE<\/a><\/div>\r\n                                <div class=\"post-info\">octobre 25, 2023<\/div>\r\n                            <\/div>\r\n                        <\/article>\r\n                        <\/div><\/div><\/div>\t\t\t\t<\/div>\n\t\t\t\t<\/div>\n\t\t\t\t\t<\/div>\n\t\t\t\t<\/div>\n\t\t\t\t<\/div>\n\t\t","protected":false},"excerpt":{"rendered":"<p>\u00ab Visite de M. Solomon, Attach\u00e9 de Presse de Son Excellence, \u00e0 Bread Avenue \u00bb \u00ab Visite de M. Solomon, Attach\u00e9 de Presse de Son Excellence, \u00e0 Bread Avenue \u00bb \u2022 novembre 22, 2023 \u2022 News Une visite de marque a eu lieu le 30 novembre 2023 \u00e0 Bread Avenue, notre boulan\ufffegerie moderne et centre [&hellip;]<\/p>\n","protected":false},"author":1,"featured_media":0,"parent":0,"menu_order":0,"comment_status":"closed","ping_status":"closed","template":"","meta":{"footnotes":""},"class_list":["post-3728","page","type-page","status-publish","hentry"],"_links":{"self":[{"href":"https:\/\/ecs-gn.com\/sonoco\/wp-json\/wp\/v2\/pages\/3728","targetHints":{"allow":["GET"]}}],"collection":[{"href":"https:\/\/ecs-gn.com\/sonoco\/wp-json\/wp\/v2\/pages"}],"about":[{"href":"https:\/\/ecs-gn.com\/sonoco\/wp-json\/wp\/v2\/types\/page"}],"author":[{"embeddable":true,"href":"https:\/\/ecs-gn.com\/sonoco\/wp-json\/wp\/v2\/users\/1"}],"replies":[{"embeddable":true,"href":"https:\/\/ecs-gn.com\/sonoco\/wp-json\/wp\/v2\/comments?post=3728"}],"version-history":[{"count":17,"href":"https:\/\/ecs-gn.com\/sonoco\/wp-json\/wp\/v2\/pages\/3728\/revisions"}],"predecessor-version":[{"id":3747,"href":"https:\/\/ecs-gn.com\/sonoco\/wp-json\/wp\/v2\/pages\/3728\/revisions\/3747"}],"wp:attachment":[{"href":"https:\/\/ecs-gn.com\/sonoco\/wp-json\/wp\/v2\/media?parent=3728"}],"curies":[{"name":"wp","href":"https:\/\/api.w.org\/{rel}","templated":true}]}}