{"id":2762,"date":"2023-10-08T18:10:35","date_gmt":"2023-10-08T18:10:35","guid":{"rendered":"https:\/\/ecs-gn.com\/sonoco\/?page_id=2762"},"modified":"2023-12-05T09:23:04","modified_gmt":"2023-12-05T09:23:04","slug":"carrieres-et-emplois","status":"publish","type":"page","link":"https:\/\/ecs-gn.com\/sonoco\/carrieres-et-emplois\/","title":{"rendered":"Carri\u00e8res et emplois"},"content":{"rendered":"\t\t<div data-elementor-type=\"wp-post\" data-elementor-id=\"2762\" class=\"elementor elementor-2762\" data-elementor-post-type=\"page\">\n\t\t\t\t<div class=\"elementor-element elementor-element-ea30d3b e-flex e-con-boxed e-con e-parent\" data-id=\"ea30d3b\" data-element_type=\"container\" data-e-type=\"container\">\n\t\t\t\t\t<div class=\"e-con-inner\">\n\t\t<div class=\"elementor-element elementor-element-7d74be8 e-con-full e-flex e-con e-child\" data-id=\"7d74be8\" data-element_type=\"container\" data-e-type=\"container\" data-settings=\"{&quot;background_background&quot;:&quot;classic&quot;}\">\n\t\t\t\t<\/div>\n\t\t<div class=\"elementor-element elementor-element-8e896e3 e-con-full e-flex e-con e-child\" data-id=\"8e896e3\" data-element_type=\"container\" data-e-type=\"container\">\n\t\t\t\t<div class=\"elementor-element elementor-element-d223dcc elementor-widget elementor-widget-heading\" data-id=\"d223dcc\" data-element_type=\"widget\" data-e-type=\"widget\" data-widget_type=\"heading.default\">\n\t\t\t\t<div class=\"elementor-widget-container\">\n\t\t\t\t\t<h2 class=\"elementor-heading-title elementor-size-default\">Politiques RH<\/h2>\t\t\t\t<\/div>\n\t\t\t\t<\/div>\n\t\t\t\t<div class=\"elementor-element elementor-element-110b767 elementor-widget elementor-widget-text-editor\" data-id=\"110b767\" data-element_type=\"widget\" data-e-type=\"widget\" data-widget_type=\"text-editor.default\">\n\t\t\t\t<div class=\"elementor-widget-container\">\n\t\t\t\t\t\t\t\t\t<p>Chez Sonoco, nous croyons fermement que notre succ\u00e8s repose sur nos collaborateurs exceptionnels. Notre politique en mati\u00e8re de ressources humaines refl\u00e8te notre engagement envers nos employ\u00e9s, notre entreprise et notre communaut\u00e9. Nous sommes fiers de cr\u00e9er un environnement de travail o\u00f9 chacun peut s&#8217;\u00e9panouir, contribuer \u00e0 notre croissance et partager notre passion pour l&#8217;excellence. Voici les principes fondamentaux de notre politique RH :<\/p>\t\t\t\t\t\t\t\t<\/div>\n\t\t\t\t<\/div>\n\t\t\t\t<div class=\"elementor-element elementor-element-0659d99 elementor-widget elementor-widget-elementskit-accordion\" data-id=\"0659d99\" data-element_type=\"widget\" data-e-type=\"widget\" data-widget_type=\"elementskit-accordion.default\">\n\t\t\t\t<div class=\"elementor-widget-container\">\n\t\t\t\t\t<div class=\"ekit-wid-con\" >\n        <div class=\"elementskit-accordion accoedion-primary side-curve\" id=\"accordion-69e9e29f9f5de\">\n\n            \n                <div class=\"elementskit-card active\">\n                    <div class=\"elementskit-card-header\" id=\"primaryHeading-0-0659d99\">\n                        <a href=\"#collapse-bc2283069e9e29f9f5de\" class=\"ekit-accordion--toggler elementskit-btn-link collapsed\" data-ekit-toggle=\"collapse\" data-target=\"#Collapse-bc2283069e9e29f9f5de\" aria-expanded=\"true\" aria-controls=\"Collapse-bc2283069e9e29f9f5de\">\n                                                            <div class=\"ekit_accordion_icon_left_group\">\n                                    <div class=\"ekit_accordion_normal_icon\">\n                                        <!-- Normal Icon -->\n                                        <i class=\"icon icon-down-arrow1\"><\/i>                                    <\/div>\n\n                                    <div class=\"ekit_accordion_active_icon\">\n                                        <!-- Active Icon -->\n\t\t\t\t\t\t\t\t\t\t<i class=\"icon icon-up-arrow1\"><\/i>                                    <\/div>\n                                <\/div>\n\n                            \n                            <span class=\"ekit-accordion-title\">1. Respect et Diversit\u00e9 : <\/span>\n\n                            \n                                                    <\/a>\n                    <\/div>\n\n                    <div id=\"Collapse-bc2283069e9e29f9f5de\" class=\" show collapse\" aria-labelledby=\"primaryHeading-0-0659d99\" data-parent=\"#accordion-69e9e29f9f5de\">\n\n                        <div class=\"elementskit-card-body ekit-accordion--content\">\n                            <p>Nous respectons chaque individu, valorisons la diversit\u00e9 et favorisons un environnement inclusif o\u00f9 chacun se sent accept\u00e9 et respect\u00e9, quelle que soit sa race, son sexe, sa religion, son origine ethnique, son \u00e2ge, son handicap ou toute autre caract\u00e9ristique personnelle. Nous croyons que la diversit\u00e9 enrichit notre culture d'entreprise et renforce notre capacit\u00e9 \u00e0 innover.<\/p>                        <\/div>\n\n                    <\/div>\n\n                <\/div><!-- .elementskit-card END -->\n\n                \n                <div class=\"elementskit-card \">\n                    <div class=\"elementskit-card-header\" id=\"primaryHeading-1-0659d99\">\n                        <a href=\"#collapse-8417e7169e9e29f9f5de\" class=\"ekit-accordion--toggler elementskit-btn-link collapsed\" data-ekit-toggle=\"collapse\" data-target=\"#Collapse-8417e7169e9e29f9f5de\" aria-expanded=\"false\" aria-controls=\"Collapse-8417e7169e9e29f9f5de\">\n                                                            <div class=\"ekit_accordion_icon_left_group\">\n                                    <div class=\"ekit_accordion_normal_icon\">\n                                        <!-- Normal Icon -->\n                                        <i class=\"icon icon-down-arrow1\"><\/i>                                    <\/div>\n\n                                    <div class=\"ekit_accordion_active_icon\">\n                                        <!-- Active Icon -->\n\t\t\t\t\t\t\t\t\t\t<i class=\"icon icon-up-arrow1\"><\/i>                                    <\/div>\n                                <\/div>\n\n                            \n                            <span class=\"ekit-accordion-title\">2. D\u00e9veloppement Professionnel : <\/span>\n\n                            \n                                                    <\/a>\n                    <\/div>\n\n                    <div id=\"Collapse-8417e7169e9e29f9f5de\" class=\" collapse\" aria-labelledby=\"primaryHeading-1-0659d99\" data-parent=\"#accordion-69e9e29f9f5de\">\n\n                        <div class=\"elementskit-card-body ekit-accordion--content\">\n                            <p>Nous encourageons la croissance professionnelle de nos employ\u00e9s en offrant des opportunit\u00e9s de formation, de perfectionnement et de mentorat. Nous croyons que l'apprentissage continu est essentiel pour maintenir notre leadership sur le march\u00e9 et aider nos employ\u00e9s \u00e0 atteindre leur plein potentiel.<\/p>                        <\/div>\n\n                    <\/div>\n\n                <\/div><!-- .elementskit-card END -->\n\n                \n                <div class=\"elementskit-card \">\n                    <div class=\"elementskit-card-header\" id=\"primaryHeading-2-0659d99\">\n                        <a href=\"#collapse-3dad4e069e9e29f9f5de\" class=\"ekit-accordion--toggler elementskit-btn-link collapsed\" data-ekit-toggle=\"collapse\" data-target=\"#Collapse-3dad4e069e9e29f9f5de\" aria-expanded=\"false\" aria-controls=\"Collapse-3dad4e069e9e29f9f5de\">\n                                                            <div class=\"ekit_accordion_icon_left_group\">\n                                    <div class=\"ekit_accordion_normal_icon\">\n                                        <!-- Normal Icon -->\n                                        <i class=\"icon icon-down-arrow1\"><\/i>                                    <\/div>\n\n                                    <div class=\"ekit_accordion_active_icon\">\n                                        <!-- Active Icon -->\n\t\t\t\t\t\t\t\t\t\t<i class=\"icon icon-up-arrow1\"><\/i>                                    <\/div>\n                                <\/div>\n\n                            \n                            <span class=\"ekit-accordion-title\">3. S\u00e9curit\u00e9 au Travail : <\/span>\n\n                            \n                                                    <\/a>\n                    <\/div>\n\n                    <div id=\"Collapse-3dad4e069e9e29f9f5de\" class=\" collapse\" aria-labelledby=\"primaryHeading-2-0659d99\" data-parent=\"#accordion-69e9e29f9f5de\">\n\n                        <div class=\"elementskit-card-body ekit-accordion--content\">\n                            <p>La s\u00e9curit\u00e9 de nos employ\u00e9s est notre priorit\u00e9 absolue. Nous nous engageons \u00e0 fournir un environnement de travail s\u00fbr et \u00e0 promouvoir des pratiques de s\u00e9curit\u00e9 strictes. Chacun de nos employ\u00e9s est responsable de sa propre s\u00e9curit\u00e9 ainsi que de celle de ses coll\u00e8gues.<\/p>                        <\/div>\n\n                    <\/div>\n\n                <\/div><!-- .elementskit-card END -->\n\n                \n                <div class=\"elementskit-card \">\n                    <div class=\"elementskit-card-header\" id=\"primaryHeading-3-0659d99\">\n                        <a href=\"#collapse-fada37869e9e29f9f5de\" class=\"ekit-accordion--toggler elementskit-btn-link collapsed\" data-ekit-toggle=\"collapse\" data-target=\"#Collapse-fada37869e9e29f9f5de\" aria-expanded=\"false\" aria-controls=\"Collapse-fada37869e9e29f9f5de\">\n                                                            <div class=\"ekit_accordion_icon_left_group\">\n                                    <div class=\"ekit_accordion_normal_icon\">\n                                        <!-- Normal Icon -->\n                                        <i class=\"icon icon-down-arrow1\"><\/i>                                    <\/div>\n\n                                    <div class=\"ekit_accordion_active_icon\">\n                                        <!-- Active Icon -->\n\t\t\t\t\t\t\t\t\t\t<i class=\"icon icon-up-arrow1\"><\/i>                                    <\/div>\n                                <\/div>\n\n                            \n                            <span class=\"ekit-accordion-title\">4. \u00c9quilibre Entre Travail et Vie Personnelle : <\/span>\n\n                            \n                                                    <\/a>\n                    <\/div>\n\n                    <div id=\"Collapse-fada37869e9e29f9f5de\" class=\" collapse\" aria-labelledby=\"primaryHeading-3-0659d99\" data-parent=\"#accordion-69e9e29f9f5de\">\n\n                        <div class=\"elementskit-card-body ekit-accordion--content\">\n                            <p>Nous reconnaissons l'importance de l'\u00e9quilibre entre le travail et la vie personnelle. Nous encourageons des horaires de travail flexibles lorsque cela est possible et nous soutenons nos employ\u00e9s pour qu'ils puissent r\u00e9ussir aussi bien professionnellement que personnellement.<\/p>                        <\/div>\n\n                    <\/div>\n\n                <\/div><!-- .elementskit-card END -->\n\n                \n                <div class=\"elementskit-card \">\n                    <div class=\"elementskit-card-header\" id=\"primaryHeading-4-0659d99\">\n                        <a href=\"#collapse-b276b5f69e9e29f9f5de\" class=\"ekit-accordion--toggler elementskit-btn-link collapsed\" data-ekit-toggle=\"collapse\" data-target=\"#Collapse-b276b5f69e9e29f9f5de\" aria-expanded=\"false\" aria-controls=\"Collapse-b276b5f69e9e29f9f5de\">\n                                                            <div class=\"ekit_accordion_icon_left_group\">\n                                    <div class=\"ekit_accordion_normal_icon\">\n                                        <!-- Normal Icon -->\n                                        <i class=\"icon icon-down-arrow1\"><\/i>                                    <\/div>\n\n                                    <div class=\"ekit_accordion_active_icon\">\n                                        <!-- Active Icon -->\n\t\t\t\t\t\t\t\t\t\t<i class=\"icon icon-up-arrow1\"><\/i>                                    <\/div>\n                                <\/div>\n\n                            \n                            <span class=\"ekit-accordion-title\">5. Responsabilit\u00e9 Sociale : <\/span>\n\n                            \n                                                    <\/a>\n                    <\/div>\n\n                    <div id=\"Collapse-b276b5f69e9e29f9f5de\" class=\" collapse\" aria-labelledby=\"primaryHeading-4-0659d99\" data-parent=\"#accordion-69e9e29f9f5de\">\n\n                        <div class=\"elementskit-card-body ekit-accordion--content\">\n                            <p>Nous nous engageons \u00e0 \u00eatre un membre responsable de la communaut\u00e9 et \u00e0 contribuer positivement \u00e0 la soci\u00e9t\u00e9. Nous encourageons nos employ\u00e9s \u00e0 s'impliquer dans des initiatives caritatives et \u00e0 soutenir des causes qui leur tiennent \u00e0 c\u0153ur.<\/p>                        <\/div>\n\n                    <\/div>\n\n                <\/div><!-- .elementskit-card END -->\n\n                \n                <div class=\"elementskit-card \">\n                    <div class=\"elementskit-card-header\" id=\"primaryHeading-5-0659d99\">\n                        <a href=\"#collapse-adf87fc69e9e29f9f5de\" class=\"ekit-accordion--toggler elementskit-btn-link collapsed\" data-ekit-toggle=\"collapse\" data-target=\"#Collapse-adf87fc69e9e29f9f5de\" aria-expanded=\"false\" aria-controls=\"Collapse-adf87fc69e9e29f9f5de\">\n                                                            <div class=\"ekit_accordion_icon_left_group\">\n                                    <div class=\"ekit_accordion_normal_icon\">\n                                        <!-- Normal Icon -->\n                                        <i class=\"icon icon-down-arrow1\"><\/i>                                    <\/div>\n\n                                    <div class=\"ekit_accordion_active_icon\">\n                                        <!-- Active Icon -->\n\t\t\t\t\t\t\t\t\t\t<i class=\"icon icon-up-arrow1\"><\/i>                                    <\/div>\n                                <\/div>\n\n                            \n                            <span class=\"ekit-accordion-title\">6. Communication Ouverte : <\/span>\n\n                            \n                                                    <\/a>\n                    <\/div>\n\n                    <div id=\"Collapse-adf87fc69e9e29f9f5de\" class=\" collapse\" aria-labelledby=\"primaryHeading-5-0659d99\" data-parent=\"#accordion-69e9e29f9f5de\">\n\n                        <div class=\"elementskit-card-body ekit-accordion--content\">\n                            <p>: Nous croyons en une communication ouverte et transparente \u00e0 tous les niveaux de l'entreprise. Nous encourageons nos employ\u00e9s \u00e0 exprimer leurs id\u00e9es, leurs pr\u00e9occupations et leurs suggestions, car nous consid\u00e9rons que c'est gr\u00e2ce \u00e0 la collaboration que nous pouvons innover et nous am\u00e9liorer en permanence.<\/p>                        <\/div>\n\n                    <\/div>\n\n                <\/div><!-- .elementskit-card END -->\n\n                                        <\/div>\n    <\/div>\t\t\t\t<\/div>\n\t\t\t\t<\/div>\n\t\t\t\t<\/div>\n\t\t\t\t\t<\/div>\n\t\t\t\t<\/div>\n\t\t\t\t<\/div>\n\t\t","protected":false},"excerpt":{"rendered":"<p>Politiques RH Chez Sonoco, nous croyons fermement que notre succ\u00e8s repose sur nos collaborateurs exceptionnels. Notre politique en mati\u00e8re de ressources humaines refl\u00e8te notre engagement envers nos employ\u00e9s, notre entreprise et notre communaut\u00e9. Nous sommes fiers de cr\u00e9er un environnement de travail o\u00f9 chacun peut s&#8217;\u00e9panouir, contribuer \u00e0 notre croissance et partager notre passion pour [&hellip;]<\/p>\n","protected":false},"author":1,"featured_media":0,"parent":0,"menu_order":0,"comment_status":"closed","ping_status":"closed","template":"","meta":{"footnotes":""},"class_list":["post-2762","page","type-page","status-publish","hentry"],"_links":{"self":[{"href":"https:\/\/ecs-gn.com\/sonoco\/wp-json\/wp\/v2\/pages\/2762","targetHints":{"allow":["GET"]}}],"collection":[{"href":"https:\/\/ecs-gn.com\/sonoco\/wp-json\/wp\/v2\/pages"}],"about":[{"href":"https:\/\/ecs-gn.com\/sonoco\/wp-json\/wp\/v2\/types\/page"}],"author":[{"embeddable":true,"href":"https:\/\/ecs-gn.com\/sonoco\/wp-json\/wp\/v2\/users\/1"}],"replies":[{"embeddable":true,"href":"https:\/\/ecs-gn.com\/sonoco\/wp-json\/wp\/v2\/comments?post=2762"}],"version-history":[{"count":19,"href":"https:\/\/ecs-gn.com\/sonoco\/wp-json\/wp\/v2\/pages\/2762\/revisions"}],"predecessor-version":[{"id":3652,"href":"https:\/\/ecs-gn.com\/sonoco\/wp-json\/wp\/v2\/pages\/2762\/revisions\/3652"}],"wp:attachment":[{"href":"https:\/\/ecs-gn.com\/sonoco\/wp-json\/wp\/v2\/media?parent=2762"}],"curies":[{"name":"wp","href":"https:\/\/api.w.org\/{rel}","templated":true}]}}